{"id":8,"date":"2020-05-17T11:01:25","date_gmt":"2020-05-17T16:01:25","guid":{"rendered":"http:\/\/covid-19.peruvisual.com\/?page_id=8"},"modified":"2020-05-18T13:09:56","modified_gmt":"2020-05-18T18:09:56","slug":"prevencion","status":"publish","type":"page","link":"https:\/\/covid-19.peruvisual.com\/","title":{"rendered":"PREVENCI\u00d3N"},"content":{"rendered":"<p>[et_pb_section fb_built=\u00bb1&#8243; admin_label=\u00bbHeader\u00bb _builder_version=\u00bb4.4.6&#8243; use_background_color_gradient=\u00bbon\u00bb background_color_gradient_start=\u00bb#343D3A\u00bb background_color_gradient_end=\u00bb#ffffff\u00bb background_color_gradient_direction=\u00bb90deg\u00bb background_color_gradient_start_position=\u00bb45%\u00bb background_color_gradient_end_position=\u00bb45%\u00bb width=\u00bb100%\u00bb module_alignment=\u00bbleft\u00bb custom_margin=\u00bb||0vw||false|false\u00bb custom_padding=\u00bb54px|0px|13px|0px|false|false\u00bb hover_enabled=\u00bb0&#8243; null=\u00bbrgba(210,218,228,0.38)\u00bb][et_pb_row column_structure=\u00bb1_2,1_2&#8243; _builder_version=\u00bb4.4.6&#8243; max_width=\u00bb1280px\u00bb custom_padding=\u00bb0px|0px|0|0px|false|false\u00bb use_custom_width=\u00bbon\u00bb custom_width_px=\u00bb1280px\u00bb][et_pb_column type=\u00bb1_2&#8243; _builder_version=\u00bb3.25&#8243; custom_padding=\u00bb|||\u00bb custom_padding__hover=\u00bb|||\u00bb][et_pb_image src=\u00bbhttp:\/\/covid-19.peruvisual.com\/wp-content\/uploads\/2020\/05\/MANOS.jpg\u00bb title_text=\u00bbMANOS\u00bb align_tablet=\u00bbcenter\u00bb align_phone=\u00bb\u00bb align_last_edited=\u00bbon|desktop\u00bb _builder_version=\u00bb4.4.6&#8243; max_width_tablet=\u00bb400px\u00bb max_width_phone=\u00bb260px\u00bb max_width_last_edited=\u00bbon|phone\u00bb module_alignment=\u00bbleft\u00bb custom_margin=\u00bb||0vw|7vw|false|false\u00bb custom_margin_tablet=\u00bb||0vw|\u00bb custom_margin_phone=\u00bb\u00bb custom_margin_last_edited=\u00bbon|tablet\u00bb animation_style=\u00bbslide\u00bb animation_direction=\u00bbleft\u00bb animation_intensity_slide=\u00bb2%\u00bb hover_enabled=\u00bb0&#8243; max_height=\u00bb500px\u00bb][\/et_pb_image][\/et_pb_column][et_pb_column type=\u00bb1_2&#8243; _builder_version=\u00bb3.25&#8243; custom_padding=\u00bb|||\u00bb custom_padding__hover=\u00bb|||\u00bb][et_pb_text _builder_version=\u00bb4.4.6&#8243; text_font=\u00bbMontserrat|700|||||||\u00bb text_font_size=\u00bb38px\u00bb text_line_height=\u00bb1.8em\u00bb header_font=\u00bb||||||||\u00bb header_2_font=\u00bbMontserrat|300|||||||\u00bb header_2_font_size=\u00bb42px\u00bb header_2_line_height=\u00bb1.5em\u00bb header_4_font=\u00bbMontserrat|500||on|||||\u00bb header_4_text_color=\u00bb#ef6f49&#8243; header_4_font_size=\u00bb11px\u00bb header_4_letter_spacing=\u00bb3px\u00bb text_orientation=\u00bbcenter\u00bb max_width=\u00bb700px\u00bb custom_margin=\u00bb-23px||9px|||\u00bb custom_padding=\u00bb3vw||||false|false\u00bb text_font_size_tablet=\u00bb\u00bb text_font_size_phone=\u00bb24px\u00bb text_font_size_last_edited=\u00bbon|phone\u00bb header_2_font_size_tablet=\u00bb32px\u00bb header_2_font_size_phone=\u00bb24px\u00bb header_2_font_size_last_edited=\u00bbon|phone\u00bb locked=\u00bboff\u00bb]<\/p>\n<p>SE\u00d1ALETICA DE SEGURIDAD<\/p>\n<p>[\/et_pb_text][et_pb_text _builder_version=\u00bb4.4.6&#8243; text_font=\u00bbMontserrat|700|||||||\u00bb text_font_size=\u00bb35px\u00bb text_line_height=\u00bb1.8em\u00bb header_font=\u00bb||||||||\u00bb header_2_font=\u00bbMontserrat|300|||||||\u00bb header_2_font_size=\u00bb42px\u00bb header_2_line_height=\u00bb1.5em\u00bb header_4_font=\u00bbMontserrat|500||on|||||\u00bb header_4_text_color=\u00bb#ef6f49&#8243; header_4_font_size=\u00bb11px\u00bb header_4_letter_spacing=\u00bb3px\u00bb text_orientation=\u00bbcenter\u00bb max_width=\u00bb700px\u00bb custom_margin=\u00bb-23px||9px|||\u00bb text_font_size_tablet=\u00bb\u00bb text_font_size_phone=\u00bb21px\u00bb text_font_size_last_edited=\u00bbon|desktop\u00bb header_2_font_size_tablet=\u00bb32px\u00bb header_2_font_size_phone=\u00bb24px\u00bb header_2_font_size_last_edited=\u00bbon|phone\u00bb locked=\u00bboff\u00bb]<\/p>\n<p>Prevenci\u00f3n COVID-19<\/p>\n<p>[\/et_pb_text][et_pb_text _builder_version=\u00bb4.4.6&#8243; text_font=\u00bbMontserrat||||||||\u00bb text_font_size=\u00bb18px\u00bb text_line_height=\u00bb1.9em\u00bb custom_margin=\u00bb3px|||||\u00bb custom_padding=\u00bb||0px|||\u00bb text_font_size_tablet=\u00bb\u00bb text_font_size_phone=\u00bb15px\u00bb text_font_size_last_edited=\u00bbon|phone\u00bb]<\/p>\n<p style=\"text-align: justify;\">Se\u00f1al\u00e9ticas de Seguridad y Prevenci\u00f3n fabricadas en Vinil autoadhesivo impreso en alta resoluci\u00f3n con tinta Eco-Solvente (original) y protecci\u00f3n de Laminado Mate. Base en sustrato de PVC-CELTEC de 3mm de espesor y cinta doble contacto para f\u00e1cil instalaci\u00f3n.<br \/> Dise\u00f1os seg\u00fan recomendaciones del MINSA para evitar el contagio por COVID-19.<br \/> Contamos con se\u00f1al\u00e9ticas en tama\u00f1os estandarizados para su uso en Oficinas y Plantas Industriales.<\/p>\n<p>[\/et_pb_text][\/et_pb_column][\/et_pb_row][\/et_pb_section][et_pb_section fb_built=\u00bb1&#8243; specialty=\u00bbon\u00bb _builder_version=\u00bb4.4.6&#8243; custom_padding=\u00bb0px||20px|||\u00bb][et_pb_column type=\u00bb1_2&#8243; specialty_columns=\u00bb2&#8243; _builder_version=\u00bb3.25&#8243; custom_padding=\u00bb|||\u00bb custom_padding__hover=\u00bb|||\u00bb][et_pb_row_inner _builder_version=\u00bb4.4.6&#8243; custom_padding=\u00bb0px||0px|||\u00bb][et_pb_column_inner saved_specialty_column_type=\u00bb1_2&#8243; _builder_version=\u00bb4.4.6&#8243;][et_pb_divider color=\u00bb#ef6f49&#8243; _builder_version=\u00bb3.19&#8243; max_width=\u00bb70px\u00bb custom_margin=\u00bb||0px\u00bb locked=\u00bboff\u00bb][\/et_pb_divider][et_pb_text _builder_version=\u00bb4.4.6&#8243; text_font=\u00bbMontserrat|700|||||||\u00bb text_font_size=\u00bb36px\u00bb text_line_height=\u00bb1.8em\u00bb header_font=\u00bb||||||||\u00bb header_2_font=\u00bbMontserrat|300|||||||\u00bb header_2_font_size=\u00bb42px\u00bb header_2_line_height=\u00bb1.5em\u00bb header_4_font=\u00bbMontserrat|500||on|||||\u00bb header_4_text_color=\u00bb#ef6f49&#8243; header_4_font_size=\u00bb11px\u00bb header_4_letter_spacing=\u00bb3px\u00bb max_width=\u00bb700px\u00bb custom_margin=\u00bb-23px||9px|||\u00bb text_font_size_tablet=\u00bb\u00bb text_font_size_phone=\u00bb28px\u00bb text_font_size_last_edited=\u00bbon|phone\u00bb header_2_font_size_tablet=\u00bb32px\u00bb header_2_font_size_phone=\u00bb24px\u00bb header_2_font_size_last_edited=\u00bbon|phone\u00bb locked=\u00bboff\u00bb]<\/p>\n<p>Se\u00f1al\u00e9ticas Verticales<\/p>\n<p>[\/et_pb_text][et_pb_text _builder_version=\u00bb4.4.6&#8243; text_font=\u00bbMontserrat||||||||\u00bb text_font_size=\u00bb18px\u00bb text_line_height=\u00bb1.8em\u00bb custom_margin=\u00bb||12px|||\u00bb text_font_size_tablet=\u00bb\u00bb text_font_size_phone=\u00bb15px\u00bb text_font_size_last_edited=\u00bbon|phone\u00bb locked=\u00bboff\u00bb]<\/p>\n<p style=\"text-align: justify;\">Dise\u00f1adas para f\u00e1cil aplicaci\u00f3n sobre paredes, se recomienda colocarlas a una altura visible para las personas (ingresos, pasillos y\/o lugares de alto tr\u00e1nsito de personas).<\/p>\n<p>[\/et_pb_text][et_pb_text _builder_version=\u00bb4.4.6&#8243; text_font=\u00bbMontserrat||||||||\u00bb text_font_size=\u00bb19px\u00bb text_line_height=\u00bb1.8em\u00bb text_font_size_tablet=\u00bb\u00bb text_font_size_phone=\u00bb15px\u00bb text_font_size_last_edited=\u00bbon|phone\u00bb locked=\u00bboff\u00bb]<\/p>\n<p style=\"text-align: justify;\">Para Oficinas: 20.0 x 30.0 cm<br \/> Para Industrias: 47.0 x 70.0 cm<\/p>\n<p>[\/et_pb_text][\/et_pb_column_inner][\/et_pb_row_inner][\/et_pb_column][et_pb_column type=\u00bb1_2&#8243; _builder_version=\u00bb3.25&#8243; custom_padding=\u00bb|||\u00bb custom_padding__hover=\u00bb|||\u00bb][et_pb_image src=\u00bbhttp:\/\/covid-19.peruvisual.com\/wp-content\/uploads\/2020\/05\/VERTICALES-1.png\u00bb title_text=\u00bbVERTICALES\u00bb align=\u00bbcenter\u00bb _builder_version=\u00bb4.4.6&#8243; custom_margin=\u00bb||0px||false|false\u00bb custom_padding=\u00bb1vw||||false|false\u00bb][\/et_pb_image][\/et_pb_column][\/et_pb_section][et_pb_section fb_built=\u00bb1&#8243; specialty=\u00bbon\u00bb _builder_version=\u00bb4.4.6&#8243; background_color=\u00bbrgba(210,218,228,0.38)\u00bb custom_margin=\u00bb-2px|||||\u00bb custom_padding=\u00bb0px||36px|||\u00bb][et_pb_column type=\u00bb1_2&#8243; specialty_columns=\u00bb2&#8243; _builder_version=\u00bb3.25&#8243; custom_padding=\u00bb|||\u00bb custom_padding__hover=\u00bb|||\u00bb][et_pb_row_inner _builder_version=\u00bb4.4.6&#8243; custom_padding=\u00bb0px|||||\u00bb][et_pb_column_inner saved_specialty_column_type=\u00bb1_2&#8243; _builder_version=\u00bb4.4.6&#8243;][et_pb_divider color=\u00bb#ef6f49&#8243; _builder_version=\u00bb3.19&#8243; max_width=\u00bb70px\u00bb custom_margin=\u00bb||0px\u00bb locked=\u00bboff\u00bb][\/et_pb_divider][et_pb_text _builder_version=\u00bb4.4.6&#8243; text_font=\u00bbMontserrat|700|||||||\u00bb text_font_size=\u00bb36px\u00bb text_line_height=\u00bb1.8em\u00bb header_font=\u00bb||||||||\u00bb header_2_font=\u00bbMontserrat|300|||||||\u00bb header_2_font_size=\u00bb42px\u00bb header_2_line_height=\u00bb1.5em\u00bb header_4_font=\u00bbMontserrat|500||on|||||\u00bb header_4_text_color=\u00bb#ef6f49&#8243; header_4_font_size=\u00bb11px\u00bb header_4_letter_spacing=\u00bb3px\u00bb max_width=\u00bb700px\u00bb custom_margin=\u00bb||9px|||\u00bb custom_padding=\u00bb0px|||||\u00bb text_font_size_tablet=\u00bb\u00bb text_font_size_phone=\u00bb28px\u00bb text_font_size_last_edited=\u00bbon|phone\u00bb header_2_font_size_tablet=\u00bb32px\u00bb header_2_font_size_phone=\u00bb24px\u00bb header_2_font_size_last_edited=\u00bbon|phone\u00bb locked=\u00bboff\u00bb]<\/p>\n<p>Se\u00f1al\u00e9ticas Horizontales<\/p>\n<p>[\/et_pb_text][et_pb_text _builder_version=\u00bb4.4.6&#8243; text_font=\u00bbMontserrat||||||||\u00bb text_font_size=\u00bb18px\u00bb text_line_height=\u00bb1.8em\u00bb custom_margin=\u00bb||12px|||\u00bb text_font_size_tablet=\u00bb\u00bb text_font_size_phone=\u00bb15px\u00bb text_font_size_last_edited=\u00bbon|phone\u00bb locked=\u00bboff\u00bb]<\/p>\n<p style=\"text-align: justify;\">Dise\u00f1adas para f\u00e1cil aplicaci\u00f3n sobre paredes, se recomienda colocarlas a una altura visible para las personas (ingresos, pasillos y\/o lugares de alto tr\u00e1nsito de personas).<\/p>\n<p>[\/et_pb_text][et_pb_text _builder_version=\u00bb4.4.6&#8243; text_font=\u00bbMontserrat||||||||\u00bb text_font_size=\u00bb19px\u00bb text_line_height=\u00bb1.8em\u00bb text_font_size_tablet=\u00bb\u00bb text_font_size_phone=\u00bb15px\u00bb text_font_size_last_edited=\u00bbon|phone\u00bb locked=\u00bboff\u00bb]<\/p>\n<p style=\"text-align: justify;\">Para Oficinas: 30.0 x 10.0 cm<br \/> Para Industrias: 60.0 x 30.0 cm<\/p>\n<p>[\/et_pb_text][\/et_pb_column_inner][\/et_pb_row_inner][\/et_pb_column][et_pb_column type=\u00bb1_2&#8243; _builder_version=\u00bb3.25&#8243; custom_padding=\u00bb|||\u00bb custom_padding__hover=\u00bb|||\u00bb][et_pb_image src=\u00bbhttp:\/\/covid-19.peruvisual.com\/wp-content\/uploads\/2020\/05\/HORIZONTALES.png\u00bb title_text=\u00bbHORIZONTALES\u00bb _builder_version=\u00bb4.4.6&#8243; custom_margin=\u00bb-31px||-14px||false|false\u00bb custom_padding=\u00bb2vw||0vw||false|false\u00bb][\/et_pb_image][\/et_pb_column][\/et_pb_section][et_pb_section fb_built=\u00bb1&#8243; specialty=\u00bbon\u00bb _builder_version=\u00bb4.4.6&#8243; custom_padding=\u00bb0px||0px|||\u00bb][et_pb_column type=\u00bb1_2&#8243; specialty_columns=\u00bb2&#8243; _builder_version=\u00bb3.25&#8243; custom_padding=\u00bb|||\u00bb custom_padding__hover=\u00bb|||\u00bb][et_pb_row_inner _builder_version=\u00bb4.4.6&#8243; custom_margin=\u00bb||||false|false\u00bb custom_padding=\u00bb0px|0vw|0px||false|false\u00bb][et_pb_column_inner saved_specialty_column_type=\u00bb1_2&#8243; _builder_version=\u00bb4.4.6&#8243;][et_pb_divider color=\u00bb#ef6f49&#8243; _builder_version=\u00bb3.19&#8243; max_width=\u00bb70px\u00bb custom_margin=\u00bb||0px\u00bb locked=\u00bboff\u00bb][\/et_pb_divider][et_pb_text _builder_version=\u00bb4.4.6&#8243; text_font=\u00bbMontserrat|700|||||||\u00bb text_font_size=\u00bb36px\u00bb text_line_height=\u00bb1.8em\u00bb header_font=\u00bb||||||||\u00bb header_2_font=\u00bbMontserrat|300|||||||\u00bb header_2_font_size=\u00bb42px\u00bb header_2_line_height=\u00bb1.5em\u00bb header_4_font=\u00bbMontserrat|500||on|||||\u00bb header_4_text_color=\u00bb#ef6f49&#8243; header_4_font_size=\u00bb11px\u00bb header_4_letter_spacing=\u00bb3px\u00bb text_orientation=\u00bbcenter\u00bb max_width=\u00bb700px\u00bb custom_margin=\u00bb||9px||false|false\u00bb text_font_size_tablet=\u00bb\u00bb text_font_size_phone=\u00bb28px\u00bb text_font_size_last_edited=\u00bbon|phone\u00bb header_2_font_size_tablet=\u00bb32px\u00bb header_2_font_size_phone=\u00bb24px\u00bb header_2_font_size_last_edited=\u00bbon|phone\u00bb locked=\u00bboff\u00bb]<\/p>\n<p>Afiche Lavado de Manos<\/p>\n<p>[\/et_pb_text][et_pb_text _builder_version=\u00bb4.4.6&#8243; text_font=\u00bbMontserrat||||||||\u00bb text_font_size=\u00bb18px\u00bb text_line_height=\u00bb1.8em\u00bb custom_margin=\u00bb||12px|||\u00bb custom_padding=\u00bb||0px|||\u00bb text_font_size_tablet=\u00bb\u00bb text_font_size_phone=\u00bb15px\u00bb text_font_size_last_edited=\u00bbon|phone\u00bb locked=\u00bboff\u00bb]<\/p>\n<p style=\"text-align: justify;\">Dise\u00f1ada para f\u00e1cil aplicaci\u00f3n sobre paredes, se recomienda colocarlas a una altura visible para las personas (ba\u00f1os y\/o lugares donde poder lavarse).<\/p>\n<p>[\/et_pb_text][et_pb_text _builder_version=\u00bb4.4.6&#8243; text_font=\u00bbMontserrat||||||||\u00bb text_font_size=\u00bb19px\u00bb text_line_height=\u00bb1.8em\u00bb text_font_size_tablet=\u00bb\u00bb text_font_size_phone=\u00bb15px\u00bb text_font_size_last_edited=\u00bbon|phone\u00bb locked=\u00bboff\u00bb]<\/p>\n<p style=\"text-align: justify;\">Medidas: 40.0 x 60.0 cm<\/p>\n<p>[\/et_pb_text][et_pb_image src=\u00bbhttp:\/\/covid-19.peruvisual.com\/wp-content\/uploads\/2020\/05\/AFICHE-LAVADO-1.png\u00bb title_text=\u00bbAFICHE-LAVADO\u00bb align=\u00bbcenter\u00bb _builder_version=\u00bb4.4.6&#8243; max_height=\u00bb360px\u00bb custom_margin=\u00bb||0px||false|false\u00bb custom_padding=\u00bb0vw||3px||false|false\u00bb][\/et_pb_image][\/et_pb_column_inner][\/et_pb_row_inner][\/et_pb_column][et_pb_column type=\u00bb1_2&#8243; _builder_version=\u00bb3.25&#8243; custom_padding=\u00bb|||\u00bb custom_padding__hover=\u00bb|||\u00bb][et_pb_text _builder_version=\u00bb4.4.6&#8243; text_font=\u00bbMontserrat|700|||||||\u00bb text_font_size=\u00bb36px\u00bb text_line_height=\u00bb1.8em\u00bb header_font=\u00bb||||||||\u00bb header_2_font=\u00bbMontserrat|300|||||||\u00bb header_2_font_size=\u00bb42px\u00bb header_2_line_height=\u00bb1.5em\u00bb header_4_font=\u00bbMontserrat|500||on|||||\u00bb header_4_text_color=\u00bb#ef6f49&#8243; header_4_font_size=\u00bb11px\u00bb header_4_letter_spacing=\u00bb3px\u00bb text_orientation=\u00bbcenter\u00bb max_width=\u00bb700px\u00bb custom_margin=\u00bb-9px||9px||false|false\u00bb custom_padding=\u00bb0px||0px|||\u00bb text_font_size_tablet=\u00bb\u00bb text_font_size_phone=\u00bb28px\u00bb text_font_size_last_edited=\u00bbon|phone\u00bb header_2_font_size_tablet=\u00bb32px\u00bb header_2_font_size_phone=\u00bb24px\u00bb header_2_font_size_last_edited=\u00bbon|phone\u00bb locked=\u00bboff\u00bb]<\/p>\n<p>Se\u00f1al\u00e9tica de Piso<\/p>\n<p>[\/et_pb_text][et_pb_text _builder_version=\u00bb4.4.6&#8243; text_font=\u00bbMontserrat||||||||\u00bb text_font_size=\u00bb18px\u00bb text_line_height=\u00bb1.8em\u00bb custom_margin=\u00bb||12px|||\u00bb custom_padding=\u00bb0px|||||\u00bb text_font_size_tablet=\u00bb\u00bb text_font_size_phone=\u00bb15px\u00bb text_font_size_last_edited=\u00bbon|phone\u00bb locked=\u00bboff\u00bb]<\/p>\n<p>Fabricada con laminado de Alto Transito especial para pisos, colocar con una separaci\u00f3n de 1.50 mt (ingresos, pasillos y\/o lugares donde se hacen colas de espera).<\/p>\n<p>[\/et_pb_text][et_pb_text _builder_version=\u00bb4.4.6&#8243; text_font=\u00bbMontserrat||||||||\u00bb text_font_size=\u00bb19px\u00bb text_line_height=\u00bb1.8em\u00bb text_font_size_tablet=\u00bb\u00bb text_font_size_phone=\u00bb15px\u00bb text_font_size_last_edited=\u00bbon|phone\u00bb locked=\u00bboff\u00bb]<\/p>\n<p style=\"text-align: justify;\">Medidas: 36.0 x 36.0 cm<\/p>\n<p>[\/et_pb_text][et_pb_image src=\u00bbhttp:\/\/covid-19.peruvisual.com\/wp-content\/uploads\/2020\/05\/PISO.png\u00bb title_text=\u00bbPISO\u00bb align=\u00bbcenter\u00bb _builder_version=\u00bb4.4.6&#8243; max_height=\u00bb360px\u00bb custom_margin=\u00bb||-2px||false|false\u00bb custom_padding=\u00bb0vw||||false|false\u00bb][\/et_pb_image][\/et_pb_column][\/et_pb_section][et_pb_section fb_built=\u00bb1&#8243; _builder_version=\u00bb4.4.6&#8243; background_color=\u00bbrgba(210,218,228,0.38)\u00bb custom_padding=\u00bb0px||0px|||\u00bb][et_pb_row _builder_version=\u00bb4.4.6&#8243; custom_padding=\u00bb||8px|||\u00bb][et_pb_column type=\u00bb4_4&#8243; _builder_version=\u00bb4.4.6&#8243;][et_pb_text _builder_version=\u00bb4.4.6&#8243; text_font=\u00bbMontserrat|700|||||||\u00bb text_font_size=\u00bb36px\u00bb text_orientation=\u00bbcenter\u00bb text_font_size_tablet=\u00bb\u00bb text_font_size_phone=\u00bb19px\u00bb text_font_size_last_edited=\u00bbon|phone\u00bb]<\/p>\n<p>KIT DE SE\u00d1ALETICAS A PRECIOS ESPECIALES<\/p>\n<p>[\/et_pb_text][et_pb_image src=\u00bbhttp:\/\/covid-19.peruvisual.com\/wp-content\/uploads\/2020\/05\/OFERTAS.png\u00bb title_text=\u00bbOFERTAS\u00bb _builder_version=\u00bb4.4.6&#8243;][\/et_pb_image][et_pb_text _builder_version=\u00bb4.4.6&#8243; text_font=\u00bbMontserrat|700|||||||\u00bb text_font_size=\u00bb30px\u00bb text_orientation=\u00bbcenter\u00bb text_font_size_tablet=\u00bb\u00bb text_font_size_phone=\u00bb16px\u00bb text_font_size_last_edited=\u00bbon|phone\u00bb]<\/p>\n<p>CONSULTAR POR PAQUETES ESPECIALES<\/p>\n<p>[\/et_pb_text][\/et_pb_column][\/et_pb_row][\/et_pb_section][et_pb_section fb_built=\u00bb1&#8243; admin_label=\u00bbShop\u00bb _builder_version=\u00bb3.22&#8243; use_background_color_gradient=\u00bbon\u00bb background_color_gradient_start=\u00bb#f7f3ec\u00bb background_color_gradient_end=\u00bbrgba(246,243,243,0)\u00bb background_color_gradient_start_position=\u00bb30%\u00bb background_color_gradient_end_position=\u00bb30%\u00bb custom_padding=\u00bb0px||0px|||\u00bb box_shadow_style__hover=\u00bbnone\u00bb box_shadow_style__hover_enabled=\u00bbnone\u00bb box_shadow_color__hover=\u00bbrgba(0,0,0,0.3)\u00bb box_shadow_color__hover_enabled=\u00bbrgba(0,0,0,0.3)\u00bb][et_pb_row _builder_version=\u00bb4.4.6&#8243; custom_padding=\u00bb||0px|||\u00bb][et_pb_column type=\u00bb4_4&#8243; _builder_version=\u00bb4.4.6&#8243;][et_pb_image src=\u00bbhttp:\/\/covid-19.peruvisual.com\/wp-content\/uploads\/2020\/05\/SEPARADORES-02.jpg\u00bb title_text=\u00bbSEPARADORES-02&#8243; _builder_version=\u00bb4.4.6&#8243;][\/et_pb_image][et_pb_text _builder_version=\u00bb4.4.6&#8243; text_font=\u00bbMontserrat|700|||||||\u00bb text_font_size=\u00bb36px\u00bb text_font_size_tablet=\u00bb\u00bb text_font_size_phone=\u00bb32px\u00bb text_font_size_last_edited=\u00bbon|phone\u00bb]<\/p>\n<p style=\"text-align: justify;\">BARRERAS ACRILICAS<\/p>\n<p>[\/et_pb_text][et_pb_text _builder_version=\u00bb4.4.6&#8243; text_font=\u00bbMontserrat||||||||\u00bb text_font_size=\u00bb18px\u00bb text_font_size_tablet=\u00bb\u00bb text_font_size_phone=\u00bb15px\u00bb text_font_size_last_edited=\u00bbon|phone\u00bb]<\/p>\n<p style=\"text-align: justify;\">Barreras de 90.0 x 60.0 x 15.0 cm (modelo b\u00e1sico). Fabricados en Metacrilato Cristal de 4mm, calibrado (material importado).<br \/> Fabricamos Barreras a medida seg\u00fan requerimiento para Counters, Ventanillas y Multi-estaciones de trabajo.<br \/> Barreras de f\u00e1cil instalaci\u00f3n, no maltratan ni malogran los tableros donde se colocan (se pueden remover).<\/p>\n<p>[\/et_pb_text][et_pb_text _builder_version=\u00bb4.4.6&#8243; text_font=\u00bbMontserrat|700|||||||\u00bb text_font_size=\u00bb32px\u00bb text_font_size_tablet=\u00bb\u00bb text_font_size_phone=\u00bb24px\u00bb text_font_size_last_edited=\u00bbon|phone\u00bb]<\/p>\n<p style=\"text-align: right;\">Desde\u00a0 S\/\u00a0 270.00<\/p>\n<p>[\/et_pb_text][et_pb_image src=\u00bbhttp:\/\/covid-19.peruvisual.com\/wp-content\/uploads\/2020\/05\/SEPARADOR-QROMA1.jpg\u00bb title_text=\u00bbSEPARADOR-QROMA1&#8243; _builder_version=\u00bb4.4.6&#8243;][\/et_pb_image][\/et_pb_column][\/et_pb_row][\/et_pb_section]<\/p>\n","protected":false},"excerpt":{"rendered":"<p>[et_pb_section fb_built=\u00bb1&#8243; admin_label=\u00bbHeader\u00bb _builder_version=\u00bb4.4.6&#8243; use_background_color_gradient=\u00bbon\u00bb background_color_gradient_start=\u00bb#343D3A\u00bb background_color_gradient_end=\u00bb#ffffff\u00bb background_color_gradient_direction=\u00bb90deg\u00bb background_color_gradient_start_position=\u00bb45%\u00bb background_color_gradient_end_position=\u00bb45%\u00bb width=\u00bb100%\u00bb module_alignment=\u00bbleft\u00bb custom_margin=\u00bb||0vw||false|false\u00bb custom_padding=\u00bb54px|0px|13px|0px|false|false\u00bb hover_enabled=\u00bb0&#8243; null=\u00bbrgba(210,218,228,0.38)\u00bb][et_pb_row column_structure=\u00bb1_2,1_2&#8243; _builder_version=\u00bb4.4.6&#8243; max_width=\u00bb1280px\u00bb custom_padding=\u00bb0px|0px|0|0px|false|false\u00bb use_custom_width=\u00bbon\u00bb custom_width_px=\u00bb1280px\u00bb][et_pb_column type=\u00bb1_2&#8243; _builder_version=\u00bb3.25&#8243; custom_padding=\u00bb|||\u00bb custom_padding__hover=\u00bb|||\u00bb][et_pb_image src=\u00bbhttp:\/\/covid-19.peruvisual.com\/wp-content\/uploads\/2020\/05\/MANOS.jpg\u00bb title_text=\u00bbMANOS\u00bb align_tablet=\u00bbcenter\u00bb align_phone=\u00bb\u00bb align_last_edited=\u00bbon|desktop\u00bb _builder_version=\u00bb4.4.6&#8243; max_width_tablet=\u00bb400px\u00bb max_width_phone=\u00bb260px\u00bb max_width_last_edited=\u00bbon|phone\u00bb module_alignment=\u00bbleft\u00bb custom_margin=\u00bb||0vw|7vw|false|false\u00bb custom_margin_tablet=\u00bb||0vw|\u00bb custom_margin_phone=\u00bb\u00bb custom_margin_last_edited=\u00bbon|tablet\u00bb animation_style=\u00bbslide\u00bb animation_direction=\u00bbleft\u00bb animation_intensity_slide=\u00bb2%\u00bb hover_enabled=\u00bb0&#8243; max_height=\u00bb500px\u00bb][\/et_pb_image][\/et_pb_column][et_pb_column type=\u00bb1_2&#8243; _builder_version=\u00bb3.25&#8243; custom_padding=\u00bb|||\u00bb custom_padding__hover=\u00bb|||\u00bb][et_pb_text _builder_version=\u00bb4.4.6&#8243; text_font=\u00bbMontserrat|700|||||||\u00bb text_font_size=\u00bb38px\u00bb text_line_height=\u00bb1.8em\u00bb header_font=\u00bb||||||||\u00bb header_2_font=\u00bbMontserrat|300|||||||\u00bb [&hellip;]<\/p>\n","protected":false},"author":1,"featured_media":0,"parent":0,"menu_order":0,"comment_status":"closed","ping_status":"closed","template":"","meta":{"_et_pb_use_builder":"on","_et_pb_old_content":"","_et_gb_content_width":"","footnotes":""},"class_list":["post-8","page","type-page","status-publish","hentry"],"_links":{"self":[{"href":"https:\/\/covid-19.peruvisual.com\/index.php\/wp-json\/wp\/v2\/pages\/8","targetHints":{"allow":["GET"]}}],"collection":[{"href":"https:\/\/covid-19.peruvisual.com\/index.php\/wp-json\/wp\/v2\/pages"}],"about":[{"href":"https:\/\/covid-19.peruvisual.com\/index.php\/wp-json\/wp\/v2\/types\/page"}],"author":[{"embeddable":true,"href":"https:\/\/covid-19.peruvisual.com\/index.php\/wp-json\/wp\/v2\/users\/1"}],"replies":[{"embeddable":true,"href":"https:\/\/covid-19.peruvisual.com\/index.php\/wp-json\/wp\/v2\/comments?post=8"}],"version-history":[{"count":70,"href":"https:\/\/covid-19.peruvisual.com\/index.php\/wp-json\/wp\/v2\/pages\/8\/revisions"}],"predecessor-version":[{"id":215503,"href":"https:\/\/covid-19.peruvisual.com\/index.php\/wp-json\/wp\/v2\/pages\/8\/revisions\/215503"}],"wp:attachment":[{"href":"https:\/\/covid-19.peruvisual.com\/index.php\/wp-json\/wp\/v2\/media?parent=8"}],"curies":[{"name":"wp","href":"https:\/\/api.w.org\/{rel}","templated":true}]}}